{"id":14,"date":"2023-03-31T08:15:54","date_gmt":"2023-03-31T08:15:54","guid":{"rendered":"https:\/\/savinogroup.it\/?page_id=14"},"modified":"2023-03-31T08:15:54","modified_gmt":"2023-03-31T08:15:54","slug":"cookies-policy","status":"publish","type":"page","link":"https:\/\/savinogroup.it\/en\/cookies-policy\/","title":{"rendered":"Cookies Policy"},"content":{"rendered":"<p><strong>Kairos Viaggi e Vacanze srl<\/strong>&nbsp;(di seguito, &#8220;Noi&#8221; o la &#8220;Societ\u00e0&#8221;) prende molto sul serio la tua privacy e la protezione dei tuoi dati personali.<br>Vogliamo informarti che su questo sito Internet (www.savinogroup.it) (di seguito, il &#8220;Sito&#8221;) sono utilizzati dei c.d. cookie.<br>Questa informativa ha, pertanto, lo scopo di spiegarti cosa sono i cookie, come vengono utilizzati sul Sito e come puoi prendere consapevolmente le tue decisioni per la loro gestione. L&#8217;informativa \u00e8 resa, anche, ai sensi dell&#8217;art. 13 del d.lgs. n. 196\/2003 (Codice in materia di protezione dei dati personali) per illustrarti come e per quali finalit\u00e0 trattiamo i dati personali che ti riguardano e che possiamo ottenere tramite l&#8217;utilizzo dei nostri cookie sul Sito.<br><br><strong>1. Cosa sono i cookie?<\/strong><br>I cookie sono stringhe di testo di piccole dimensioni che i siti visitati dall&#8217;utente inviano al suo terminale (solitamente al browser), dove vengono memorizzati per essere poi ritrasmessi agli stessi siti alla successiva visita del medesimo utente.<br>I cookie utilizzati su questo Sito possono essere distinti sulla base dei seguenti criteri:<br><br>a) in base a chi li gestisce:<br><br>(i) cookie propri o di prima parte: si tratta dei cookie istallati direttamente dalla Societ\u00e0 attraverso il Sito;<br>(ii) cookie di terze parti: si tratta dei cookie istallati attraverso il Sito da soggetti terzi rispetto alla Societ\u00e0;<br><br>b) in base al tempo in cui restano attivi:<br><br>(i) cookie di sessione: questi cookie conservano le informazioni necessarie durante la sessione di navigazione e vengono cancellati subito dopo la scadenza della sessione, ovvero con la chiusura del browser;<br>(ii) cookie persistenti: sono conservati nel tuo hard disk ed il Sito li legge ogni volta che effettui una nuova visita. Un cookie persistente possiede una data di scadenza determinata. Il cookie smetter\u00e0 di funzionare dopo tale data.<br><br>c) in base alle finalit\u00e0:<br><br>I cookie vengono utilizzati per vari scopi. Li utilizziamo, ad esempio, per memorizzare le tue preferenze, per rendere pi\u00f9 pertinenti gli annunci che visualizzi, per contare il numero di visitatori che riceviamo su una pagina e per aiutarti a registrarti ai nostri servizi e per proteggere i tuoi dati.<br>Sulla base delle diverse funzioni da essi svolti, i cookie utilizzati sul Sito possono essere distinti in:<br>\u2022 Cookie tecnici<br>\u2022 Cookie analytics<br>\u2022 Cookie di profilazione<br><br><strong>2. Cosa sono i cookie tecnici e come funzionano?<\/strong><br>I cookie tecnici sono quelli che utilizziamo al solo fine di consentirti di visitare il Sito e poter fruire dello stesso.<br>Possono essere ulteriormente suddivisi in:<br>\u2022 cookie di navigazione: garantiscono la normale navigazione e fruizione del Sito, permettendo, ad esempio, di realizzare un acquisto o autenticarsi per accedere ad aree riservate. Si tratta normalmente di cookie di sessione, che vengono eliminati automaticamente quando si chiude il browser di navigazione;<br>\u2022 cookie di funzionalit\u00e0: ti permettono la navigazione in funzione di una serie di criteri selezionati (ad esempio, la lingua o il paese di provenienza) al fine di migliorare il servizio reso sul Sito. Si tratta di cookie persistenti, che rimangono nel computer in uso anche dopo la chiusura del browser di navigazione fino alla data di scadenza prevista per ciascun cookie (tipicamente da due mesi a due anni) o fino a quando tu non li abbia eliminati.<br>I cookie tecnici non vengono utilizzati per scopi ulteriori e sono installati direttamente dalla Societ\u00e0.<br>Come previsto dalla normativa vigente in materia di privacy, per l&#8217;installazione di tali cookie non \u00e8 richiesto il tuo preventivo consenso. Naturalmente sei libero di bloccare l&#8217;installazione dei cookie tecnici con le modalit\u00e0 indicate al successivo paragrafo 5.<br><br>N.B.: Ti preghiamo di considerare che, bloccando l&#8217;installazione dei cookie tecnici, o successivamente eliminando gli stessi, la possibilit\u00e0 di accedere al Sito, di usufruire in tutto o in parte dello stesso, di abilitare o disabilitare determinate funzioni o di ricevere determinati servizi potrebbe essere in tutto o in parte compromessa.<br><br><strong>3. Cosa sono i cookie di monitoraggio o &#8220;analytics&#8221; e come funzionano?<\/strong><br>I cookie analytics sono utilizzati sul Sito per raccogliere informazioni statistiche, in forma aggregata o non, sul numero degli utenti che accedono al Sito e su come questi visitano il Sito stesso.<br>I cookie analytics di questo Sito non sono installati direttamente dalla Societ\u00e0 ma da soggetti terzi, che agiscono in qualit\u00e0 di autonomi titolari del trattamento.<br>Come previsto dalla normativa vigente in materia di privacy, per l&#8217;installazione di cookie analytics di terze parti \u00e8 richiesto il tuo preventivo consenso. Per questo motivo, quando accedi al Sito viene visualizzato in evidenza un apposito banner, che ti informa che (i) sul Sito sono utilizzati dei cookie analytics di terze parti e che (ii) chiudendo il banner, scorrendo l&#8217;home page o cliccando qualunque elemento dell&#8217;home page al di fuori del banner, si acconsente all&#8217;uso dei cookie. Qualora tu dovessi esprimere il tuo consenso all&#8217;installazione dei cookie con questa modalit\u00e0, terremo traccia del tuo consenso attraverso un apposito cookie tecnico. In questo modo, eviteremo di farti visualizzare il banner sui cookie nel corso delle tue successive visite al Sito. Ti preghiamo di considerare che, qualora tu dovessi eliminare questo cookie tecnico dal tuo browser con le modalit\u00e0 di cui al successivo paragrafo 5, let. (A), la traccia del tuo consenso verrebbe persa e, pertanto, nel corso della tua successiva visita al Sito il banner sui cookie sar\u00e0 visualizzato nuovamente.<br>Naturalmente sei libero di bloccare l&#8217;installazione dei cookie analytics in qualsiasi momento, senza che la possibilit\u00e0 di visitare il Sito e fruire dei suoi contenuti sia in qualsiasi modo compromessa.<br><br><strong>4. Cosa sono i cookie di profilazione e come funzionano?<\/strong><br>I cookie di profilazione sono utilizzati per creare un tuo profilo di utente, basato sulle preferenze ed i gusti da te manifestati durante la navigazione su Internet, e farti visualizzare messaggi pubblicitari coerenti con il tuo profilo. In questo modo i messaggi pubblicitari che visualizzerai sul nostro Sito potranno essere per te maggiormente interessanti.<br>Come previsto dalla normativa vigente in materia di privacy, per l&#8217;installazione di tali cookie \u00e8 richiesto il tuo preventivo consenso. Per questo motivo, quando accedi al Sito viene visualizzato in evidenza un apposito banner, che ti informa che (i) sul Sito sono utilizzati dei cookie di profilazione e che (ii) chiudendo il banner, scorrendo l&#8217;home page o cliccando qualunque elemento dell&#8217;home page al di fuori del banner, si acconsente all&#8217;uso dei cookie. Qualora tu dovessi esprimere il tuo consenso all&#8217;installazione dei cookie con questa modalit\u00e0, terremo traccia del tuo consenso attraverso un apposito cookie tecnico. In questo modo, eviteremo di farti visualizzare il banner sui cookie nel corso delle tue successive visite al Sito. Ti preghiamo di considerare che, qualora tu dovessi eliminare questo cookie tecnico dal tuo browser con le modalit\u00e0 di cui al successivo paragrafo 5, let. (A), la traccia del tuo consenso verrebbe persa e, pertanto, nel corso della tua successiva visita al Sito il banner sui cookie sar\u00e0 visualizzato nuovamente.<br>Naturalmente sei libero di bloccare l&#8217;installazione dei cookie di profilazione in qualsiasi momento, senza che la possibilit\u00e0 di visitare il sito e fruire dei suoi contenuti sia in qualsiasi modo compromessa. Se decidi di disattivare la pubblicit\u00e0 comportamentale non significa che non riceverai pi\u00f9 pubblicit\u00e0 sul Sito. Tuttavia, i banner che visualizzerai sul Sito potrebbero non rispecchiare i tuoi interessi o le tue preferenze sul browser che stai attualmente utilizzando.<br>Tutti i cookie di profilazione sono, installati da soggetti terzi, che agiscono in qualit\u00e0 di autonomi titolari del trattamento (cookie di terze parti).<br><br>Qui di seguito un elenco dei cookies di terze parti solitamente utilizzati in questo sito:<br>Tutti i cookie di profilazione sono, installati da soggetti terzi, che agiscono in qualit\u00e0 di autonomi titolari del trattamento (cookie di terze parti).<br><br>Google analytics:&nbsp;<a href=\"http:\/\/www.google.com\/policies\/technologies\/ads\/\">clicca qui<\/a><br>Google Maps:&nbsp;<a href=\"http:\/\/www.google.it\/intl\/it\/policies\/technologies\/cookies\/\">clicca qui<\/a><br>Twitter:&nbsp;<a href=\"http:\/\/www.google.it\/intl\/it\/policies\/technologies\/cookies\/\">clicca qui<\/a><br>Facebook:&nbsp;<a href=\"https:\/\/www.facebook.com\/help\/445588775451827\">clicca qui<\/a><br>Google +:&nbsp;<a href=\"http:\/\/www.google.it\/intl\/it\/policies\/technologies\/cookies\/\">clicca qui<\/a><br>You Tube:&nbsp;<a href=\"http:\/\/www.google.it\/intl\/it\/policies\/technologies\/cookies\/\">clicca qui<\/a><br>Jivo Site:&nbsp;<a href=\"https:\/\/www.jivochat.com\/privacy\">clicca qui<\/a><br>JW Palyer:&nbsp;<a href=\"http:\/\/www.jwplayer.com\/privacy\/\">clicca qui<\/a><br><br><strong>5. Come posso gestire i cookie?<\/strong><br>Ci sono diverse opzioni per gestire, disabilitare e cancellare i cookie:<br><br>(A) Attraverso le impostazioni del browser<br><br>Consulta il manuale dell&#8217;utente del browser di navigazione che utilizzi per scoprire come gestire, disabilitare o cancellare i cookie. Ti indichiamo di seguito come reperire le istruzioni fornite dai produttori dei browser di navigazione pi\u00f9 diffusi:<br>\u2022 Explorer:&nbsp;<a href=\"https:\/\/support.microsoft.com\/en-us\/kb\/196955\/it\">https:\/\/support.microsoft.com\/en-us\/kb\/196955\/it<\/a><br>\u2022 Chrome:&nbsp;<a href=\"https:\/\/support.google.com\/chrome\/answer\/95647?hl=it\">https:\/\/support.google.com\/chrome\/answer\/95647?hl=it<\/a><br>\u2022 Firefox:&nbsp;<a href=\"https:\/\/support.mozilla.org\/it\/kb\/Attivare%20e%20disattivare%20i%20cookie\">https:\/\/support.mozilla.org\/it\/kb\/Attivare%20e%20disattivare%20i%20cookie<\/a><br>\u2022 Safari:&nbsp;<a href=\"https:\/\/support.apple.com\/kb\/PH17191?locale=it_IT\">https:\/\/support.apple.com\/kb\/PH17191?locale=it_IT<\/a><br>\u2022 Opera:&nbsp;<a href=\"http:\/\/help.opera.com\/Windows\/10.00\/it\/cookies.html\">http:\/\/help.opera.com\/Windows\/10.00\/it\/cookies.html<\/a><br>Modificando le impostazioni del tuo browser puoi gestire, disabilitare e cancellare tutte le tipologie di cookie (tecnici, analytics e di profilazione).<br><br>N.B.: bloccando indiscriminatamente la ricezione di tutti i cookie, inclusi quelli tecnici, senza prevedere una specifica eccezione per il Sito, potresti non essere pi\u00f9 in grado di navigare sul Sito o di usufruire in tutto o in parte delle sue funzionalit\u00e0. Inoltre, cancellando tutti i cookie dal browser, anche i cookie tecnici potrebbero essere rimossi e, pertanto, potresti rimuovere le preferenze che hai impostato utilizzando il Sito o non ritrovare pi\u00f9 i prodotti o servizi inseriti nel tuo carrello.<br><br>(B) Con le modalit\u00e0 messe a disposizione dalle terze parti<br><br>Per disabilitare i cookie di terze parti, consulta le informative privacy dei terzi che installano cookie analytics (vedi il precedente paragrafo 3) o cookie di profilazione (vedi il precedente paragrafo 4) per conoscere gli altri strumenti a tua disposizione per gestire, disabilitare e cancellare i cookie, e pi\u00f9 in generale per opporti al loro utilizzo. Ricordati che, disabilitando i cookie di terze parti, (i) ti opponi al loro utilizzo non soltanto sul Sito ma su tutti i siti Internet su cui tali cookie sono utilizzati e (i) disabilitando e (ii) la possibilit\u00e0 di navigare sul Sito ed utilizzarne le funzionalit\u00e0 non sar\u00e0 in alcun modo pregiudicata.<br><br>(C) Attraverso il sito Internet&nbsp;<a href=\"http:\/\/www.youronlinechoices.com\/it\/\">www.youronlinechoices.eu\/it\/<\/a><br><br>Your Online Choices \u00e8 un sito Internet gestito dall&#8217;associazione non-profit European Interactive Digital Advertising Alliance (EDAA), la cui versione in lingua italiana \u00e8 raggiungibile all&#8217;indirizzo&nbsp;<a href=\"http:\/\/www.youronlinechoices.eu\/it\/\">www.youronlinechoices.eu\/it\/<\/a>, che fornisce informazioni sulla pubblicit\u00e0 comportamentale basata sui cookie di profilazione (<a href=\"http:\/\/www.youronlinechoices.com\/it\/a-proposito\">http:\/\/www.youronlinechoices.com\/it\/a-proposito<\/a>) e consente agli utenti di Internet di opporsi facilmente (opt-out) all&#8217;installazione dei principali cookie di profilazione installati dagli operatori pubblicitari ed utilizzati su siti Internet (<a href=\"http:\/\/www.youronlinechoices.com\/it\/le-tue-scelte\">http:\/\/www.youronlinechoices.com\/it\/le-tue-scelte<\/a>). Prima di utilizzare questo strumento, ti consigliamo di leggere attentamente le condizioni generali di servizio del sito Your Online Choices (<a href=\"http:\/\/www.youronlinechoices.com\/it\/condizioni-generali-di-servizio\">http:\/\/www.youronlinechoices.com\/it\/condizioni-generali-di-servizio<\/a>), le domande frequenti (FAQ) (<a href=\"http:\/\/www.youronlinechoices.com\/it\/faqs\">http:\/\/www.youronlinechoices.com\/it\/faqs<\/a>) e la guida per l&#8217;utente (<a href=\"http:\/\/www.youronlinechoices.com\/it\/help\">http:\/\/www.youronlinechoices.com\/it\/help<\/a>).<br><br>N.B.: sebbene Your Online Choices riunisca molte delle pi\u00f9 importanti societ\u00e0 del mondo pubblicitario che utilizzano cookie, alcune delle terze parti che installano cookie attraverso il Sito potrebbero non aver aderito a Your Online Choices. Pertanto, l&#8217;utilizzo di Your Online Choices non garantisce che si riceveranno cookie di terze parti navigando sul Sito. Ricordati, inoltre, che eliminando tutti i cookie dal proprio browser, anche i cookie tecnici rilasciati da Your Online Choices per ricordare le tue scelte potrebbero essere eliminati, rendendo nuovamente attivi i cookie di terze parti.<\/p>","protected":false},"excerpt":{"rendered":"Kairos Viaggi e Vacanze srl&nbsp;(di seguito, &#8220;Noi&#8221; o la &#8220;Societ\u00e0&#8221;) prende molto sul serio la tua privacy e la protezione dei tuoi dati personali.Vogliamo informarti che su questo sito Internet (www.savinogroup.it) (di seguito, il &#8220;Sito&#8221;) sono utilizzati dei c.d. cookie.Questa informativa ha, pertanto, lo scopo di spiegarti cosa sono i cookie, come vengono utilizzati sul&#8230;","protected":false},"author":1,"featured_media":0,"parent":0,"menu_order":0,"comment_status":"closed","ping_status":"closed","template":"","meta":{"footnotes":""},"yoast_head":"<!-- This site is optimized with the Yoast SEO plugin v22.5 - https:\/\/yoast.com\/wordpress\/plugins\/seo\/ -->\n<title>Cookies Policy -<\/title>\n<meta name=\"robots\" content=\"index, follow, max-snippet:-1, max-image-preview:large, max-video-preview:-1\" \/>\n<link rel=\"canonical\" href=\"https:\/\/savinogroup.it\/en\/cookies-policy\/\" \/>\n<meta property=\"og:locale\" content=\"en_GB\" \/>\n<meta property=\"og:type\" content=\"article\" \/>\n<meta property=\"og:title\" content=\"Cookies Policy -\" \/>\n<meta property=\"og:description\" content=\"Kairos Viaggi e Vacanze srl&nbsp;(di seguito, &#8220;Noi&#8221; o la &#8220;Societ\u00e0&#8221;) prende molto sul serio la tua privacy e la protezione dei tuoi dati personali.Vogliamo informarti che su questo sito Internet (www.savinogroup.it) (di seguito, il &#8220;Sito&#8221;) sono utilizzati dei c.d. cookie.Questa informativa ha, pertanto, lo scopo di spiegarti cosa sono i cookie, come vengono utilizzati sul...\" \/>\n<meta property=\"og:url\" content=\"https:\/\/savinogroup.it\/en\/cookies-policy\/\" \/>\n<meta name=\"twitter:card\" content=\"summary_large_image\" \/>\n<meta name=\"twitter:label1\" content=\"Est. reading time\" \/>\n\t<meta name=\"twitter:data1\" content=\"9 minutes\" \/>\n<script type=\"application\/ld+json\" class=\"yoast-schema-graph\">{\"@context\":\"https:\/\/schema.org\",\"@graph\":[{\"@type\":\"WebPage\",\"@id\":\"https:\/\/savinogroup.it\/cookies-policy\/\",\"url\":\"https:\/\/savinogroup.it\/cookies-policy\/\",\"name\":\"Cookies Policy -\",\"isPartOf\":{\"@id\":\"https:\/\/savinogroup.it\/#website\"},\"datePublished\":\"2023-03-31T08:15:54+00:00\",\"dateModified\":\"2023-03-31T08:15:54+00:00\",\"breadcrumb\":{\"@id\":\"https:\/\/savinogroup.it\/cookies-policy\/#breadcrumb\"},\"inLanguage\":\"en-GB\",\"potentialAction\":[{\"@type\":\"ReadAction\",\"target\":[\"https:\/\/savinogroup.it\/cookies-policy\/\"]}]},{\"@type\":\"BreadcrumbList\",\"@id\":\"https:\/\/savinogroup.it\/cookies-policy\/#breadcrumb\",\"itemListElement\":[{\"@type\":\"ListItem\",\"position\":1,\"name\":\"Home\",\"item\":\"https:\/\/savinogroup.it\/\"},{\"@type\":\"ListItem\",\"position\":2,\"name\":\"Cookies Policy\"}]},{\"@type\":\"WebSite\",\"@id\":\"https:\/\/savinogroup.it\/#website\",\"url\":\"https:\/\/savinogroup.it\/\",\"name\":\"Savino Group\",\"description\":\"Kairos Viaggi, Savino Bus, Savino Blu\",\"publisher\":{\"@id\":\"https:\/\/savinogroup.it\/#organization\"},\"potentialAction\":[{\"@type\":\"SearchAction\",\"target\":{\"@type\":\"EntryPoint\",\"urlTemplate\":\"https:\/\/savinogroup.it\/?s={search_term_string}\"},\"query-input\":\"required name=search_term_string\"}],\"inLanguage\":\"en-GB\"},{\"@type\":\"Organization\",\"@id\":\"https:\/\/savinogroup.it\/#organization\",\"name\":\"Savino Group\",\"url\":\"https:\/\/savinogroup.it\/\",\"logo\":{\"@type\":\"ImageObject\",\"inLanguage\":\"en-GB\",\"@id\":\"https:\/\/savinogroup.it\/#\/schema\/logo\/image\/\",\"url\":\"https:\/\/savinogroup.it\/wp-content\/uploads\/2022\/12\/logosavino.png\",\"contentUrl\":\"https:\/\/savinogroup.it\/wp-content\/uploads\/2022\/12\/logosavino.png\",\"width\":278,\"height\":54,\"caption\":\"Savino Group\"},\"image\":{\"@id\":\"https:\/\/savinogroup.it\/#\/schema\/logo\/image\/\"},\"sameAs\":[\"https:\/\/www.instagram.com\/savinogroupsrl\/\"]}]}<\/script>\n<!-- \/ Yoast SEO plugin. -->","yoast_head_json":{"title":"Cookies Policy -","robots":{"index":"index","follow":"follow","max-snippet":"max-snippet:-1","max-image-preview":"max-image-preview:large","max-video-preview":"max-video-preview:-1"},"canonical":"https:\/\/savinogroup.it\/en\/cookies-policy\/","og_locale":"en_GB","og_type":"article","og_title":"Cookies Policy -","og_description":"Kairos Viaggi e Vacanze srl&nbsp;(di seguito, &#8220;Noi&#8221; o la &#8220;Societ\u00e0&#8221;) prende molto sul serio la tua privacy e la protezione dei tuoi dati personali.Vogliamo informarti che su questo sito Internet (www.savinogroup.it) (di seguito, il &#8220;Sito&#8221;) sono utilizzati dei c.d. cookie.Questa informativa ha, pertanto, lo scopo di spiegarti cosa sono i cookie, come vengono utilizzati sul...","og_url":"https:\/\/savinogroup.it\/en\/cookies-policy\/","twitter_card":"summary_large_image","twitter_misc":{"Est. reading time":"9 minutes"},"schema":{"@context":"https:\/\/schema.org","@graph":[{"@type":"WebPage","@id":"https:\/\/savinogroup.it\/cookies-policy\/","url":"https:\/\/savinogroup.it\/cookies-policy\/","name":"Cookies Policy -","isPartOf":{"@id":"https:\/\/savinogroup.it\/#website"},"datePublished":"2023-03-31T08:15:54+00:00","dateModified":"2023-03-31T08:15:54+00:00","breadcrumb":{"@id":"https:\/\/savinogroup.it\/cookies-policy\/#breadcrumb"},"inLanguage":"en-GB","potentialAction":[{"@type":"ReadAction","target":["https:\/\/savinogroup.it\/cookies-policy\/"]}]},{"@type":"BreadcrumbList","@id":"https:\/\/savinogroup.it\/cookies-policy\/#breadcrumb","itemListElement":[{"@type":"ListItem","position":1,"name":"Home","item":"https:\/\/savinogroup.it\/"},{"@type":"ListItem","position":2,"name":"Cookies Policy"}]},{"@type":"WebSite","@id":"https:\/\/savinogroup.it\/#website","url":"https:\/\/savinogroup.it\/","name":"Savino Group","description":"Kairos Viaggi, Savino Bus, Savino Blu","publisher":{"@id":"https:\/\/savinogroup.it\/#organization"},"potentialAction":[{"@type":"SearchAction","target":{"@type":"EntryPoint","urlTemplate":"https:\/\/savinogroup.it\/?s={search_term_string}"},"query-input":"required name=search_term_string"}],"inLanguage":"en-GB"},{"@type":"Organization","@id":"https:\/\/savinogroup.it\/#organization","name":"Savino Group","url":"https:\/\/savinogroup.it\/","logo":{"@type":"ImageObject","inLanguage":"en-GB","@id":"https:\/\/savinogroup.it\/#\/schema\/logo\/image\/","url":"https:\/\/savinogroup.it\/wp-content\/uploads\/2022\/12\/logosavino.png","contentUrl":"https:\/\/savinogroup.it\/wp-content\/uploads\/2022\/12\/logosavino.png","width":278,"height":54,"caption":"Savino Group"},"image":{"@id":"https:\/\/savinogroup.it\/#\/schema\/logo\/image\/"},"sameAs":["https:\/\/www.instagram.com\/savinogroupsrl\/"]}]}},"acf":[],"_links":{"self":[{"href":"https:\/\/savinogroup.it\/en\/wp-json\/wp\/v2\/pages\/14"}],"collection":[{"href":"https:\/\/savinogroup.it\/en\/wp-json\/wp\/v2\/pages"}],"about":[{"href":"https:\/\/savinogroup.it\/en\/wp-json\/wp\/v2\/types\/page"}],"author":[{"embeddable":true,"href":"https:\/\/savinogroup.it\/en\/wp-json\/wp\/v2\/users\/1"}],"replies":[{"embeddable":true,"href":"https:\/\/savinogroup.it\/en\/wp-json\/wp\/v2\/comments?post=14"}],"version-history":[{"count":1,"href":"https:\/\/savinogroup.it\/en\/wp-json\/wp\/v2\/pages\/14\/revisions"}],"predecessor-version":[{"id":14631,"href":"https:\/\/savinogroup.it\/en\/wp-json\/wp\/v2\/pages\/14\/revisions\/14631"}],"wp:attachment":[{"href":"https:\/\/savinogroup.it\/en\/wp-json\/wp\/v2\/media?parent=14"}],"curies":[{"name":"wp","href":"https:\/\/api.w.org\/{rel}","templated":true}]}}