{"id":13495,"date":"2022-12-19T14:52:23","date_gmt":"2022-12-19T14:52:23","guid":{"rendered":"https:\/\/savinogroup.it\/?post_type=product&#038;p=13495"},"modified":"2026-04-10T13:31:50","modified_gmt":"2026-04-10T13:31:50","slug":"sinfonia-viola-avignone-e-il-profumo-della-provenza","status":"publish","type":"product","link":"https:\/\/savinogroup.it\/en\/servizi\/viaggi-organizzati\/sinfonia-viola-avignone-e-il-profumo-della-provenza\/","title":{"rendered":"Sinfonia Viola: Avignone e il Profumo della Provenza"},"content":{"rendered":"<p><strong>4\/5 luglio 2026<\/strong><\/p>\n<p><strong>\u00a0<\/strong><u><\/u><strong><em><u>1\u00b0 giorno SABATO 4 luglio: AVIGNONE<\/u><\/em><\/strong><\/p>\n<ul>\n<li>Ritrovo dei partecipanti in luogo concordato e partenza alle ore 5.30 in bus G.T.<\/li>\n<li>Sosta lungo il percorso per la prima colazione<\/li>\n<li>Arrivo ad <strong>Avignone<\/strong>, citt\u00e0 provenzale sulle rive del Rodano,\u00a0affascinante borgo medievale celebre come <strong>&#8220;Citt\u00e0 dei Papi&#8221;. Patrimonio UNESCO<\/strong>, vanta il maestoso Palazzo dei Papi, la pi\u00f9 grande costruzione gotica medievale, e il famoso Pont d&#8217;Avignon.<\/li>\n<li>Pranzo libero<\/li>\n<li>Passeggiata libera in centro dove si avverte l\u2019atmosfera provenzale tra mura storiche e vicoletti<\/li>\n<li>Al pomeriggio appuntamento con la guida per la visita al <strong>PALAZZO DEI PAPI<\/strong><\/li>\n<li>Al termine della visita trasferimento a <strong>SALON DE PROVENCE<\/strong><\/li>\n<li>Sistemazione in hotel \u2013 cena in ristornate convenzionato e pernottamento<\/li>\n<\/ul>\n<p><strong><em><u>2\u00b0 giorno DOMENICA 5 luglio: ROUTE DE LA LAVANDE e VALENSOLE<\/u><\/em><\/strong><\/p>\n<ul>\n<li>Prima colazione in hotel<\/li>\n<li>Partenza per la <strong>\u201cROUTE DE LA LAVANDE\u201d<\/strong> fino all\u2019altopiano di Valensole: qui si concentra gran parte della produzione di lavanda di tutta la Provenza. Fra queste strade si possono ammirare incantevoli paesaggi viola. Sebbene la lavanda sia stupenda in ogni angolo della Provenza, \u00e8 proprio qui che si trovano gli scorci pi\u00f9 suggestivi, i campi pi\u00f9 \u201cfotogenici\u201d, gli angoli pi\u00f9 colorati e pittoreschi.<\/li>\n<li>Sosta a <strong>Valensole,<\/strong><em> piccolo borgo a forma di anfiteatro, posto su una colina. Il suo nome deriva da \u201cValle del Sole\u201d con giusto merito, ed \u00e8 proprio camminando tra le viuzze strette che ci si pu\u00f2 sporgere dai balconi panoramici per ammirare la distesa viola. Qui l\u2019aria odora di Lavanda che viene utilizzata per molti scopi differenti, le distillerie e le botteghe ne sono testimonianza ed ovunque i cittadini propongono olio essenziale, sacchetti profumati ricamati a mano, specialit\u00e0 gastronomiche a base di lavanda e prodotti di bellezza. <\/em><\/li>\n<li>Pranzo Libero<\/li>\n<li>Nel pomeriggio inizio del viaggio di ritorno con arrivo previsto in serata<\/li>\n<\/ul>","protected":false},"excerpt":{"rendered":"4\/5 luglio 2026 \u00a01\u00b0 giorno SABATO 4 luglio: AVIGNONE Ritrovo dei partecipanti in luogo concordato e partenza alle ore 5.30 in bus G.T. Sosta lungo il percorso per la prima colazione Arrivo ad Avignone, citt\u00e0 provenzale sulle rive del Rodano,\u00a0affascinante borgo medievale celebre come &#8220;Citt\u00e0 dei Papi&#8221;. Patrimonio UNESCO, vanta il maestoso Palazzo dei Papi,&#8230;","protected":false},"featured_media":15161,"template":"","meta":[],"product_cat":[195],"product_tag":[],"yoast_head":"<!-- This site is optimized with the Yoast SEO plugin v22.5 - https:\/\/yoast.com\/wordpress\/plugins\/seo\/ -->\n<title>Sinfonia Viola: Avignone e il Profumo della Provenza -<\/title>\n<meta name=\"robots\" content=\"index, follow, max-snippet:-1, max-image-preview:large, max-video-preview:-1\" \/>\n<link rel=\"canonical\" href=\"https:\/\/savinogroup.it\/en\/servizi\/viaggi-organizzati\/sinfonia-viola-avignone-e-il-profumo-della-provenza\/\" \/>\n<meta property=\"og:locale\" content=\"en_GB\" \/>\n<meta property=\"og:type\" content=\"article\" \/>\n<meta property=\"og:title\" content=\"Sinfonia Viola: Avignone e il Profumo della Provenza -\" \/>\n<meta property=\"og:description\" content=\"4\/5 luglio 2026 \u00a01\u00b0 giorno SABATO 4 luglio: AVIGNONE Ritrovo dei partecipanti in luogo concordato e partenza alle ore 5.30 in bus G.T. Sosta lungo il percorso per la prima colazione Arrivo ad Avignone, citt\u00e0 provenzale sulle rive del Rodano,\u00a0affascinante borgo medievale celebre come &#8220;Citt\u00e0 dei Papi&#8221;. Patrimonio UNESCO, vanta il maestoso Palazzo dei Papi,...\" \/>\n<meta property=\"og:url\" content=\"https:\/\/savinogroup.it\/en\/servizi\/viaggi-organizzati\/sinfonia-viola-avignone-e-il-profumo-della-provenza\/\" \/>\n<meta property=\"article:modified_time\" content=\"2026-04-10T13:31:50+00:00\" \/>\n<meta property=\"og:image\" content=\"https:\/\/savinogroup.it\/wp-content\/uploads\/2022\/12\/Lavanda_01-scaled.jpg\" \/>\n\t<meta property=\"og:image:width\" content=\"1810\" \/>\n\t<meta property=\"og:image:height\" content=\"2560\" \/>\n\t<meta property=\"og:image:type\" content=\"image\/jpeg\" \/>\n<meta name=\"twitter:card\" content=\"summary_large_image\" \/>\n<meta name=\"twitter:label1\" content=\"Est. reading time\" \/>\n\t<meta name=\"twitter:data1\" content=\"2 minutes\" \/>\n<script type=\"application\/ld+json\" class=\"yoast-schema-graph\">{\"@context\":\"https:\/\/schema.org\",\"@graph\":[{\"@type\":\"WebPage\",\"@id\":\"https:\/\/savinogroup.it\/servizi\/viaggi-organizzati\/sinfonia-viola-avignone-e-il-profumo-della-provenza\/\",\"url\":\"https:\/\/savinogroup.it\/servizi\/viaggi-organizzati\/sinfonia-viola-avignone-e-il-profumo-della-provenza\/\",\"name\":\"Sinfonia Viola: Avignone e il Profumo della Provenza -\",\"isPartOf\":{\"@id\":\"https:\/\/savinogroup.it\/#website\"},\"primaryImageOfPage\":{\"@id\":\"https:\/\/savinogroup.it\/servizi\/viaggi-organizzati\/sinfonia-viola-avignone-e-il-profumo-della-provenza\/#primaryimage\"},\"image\":{\"@id\":\"https:\/\/savinogroup.it\/servizi\/viaggi-organizzati\/sinfonia-viola-avignone-e-il-profumo-della-provenza\/#primaryimage\"},\"thumbnailUrl\":\"https:\/\/savinogroup.it\/wp-content\/uploads\/2022\/12\/Lavanda_01-scaled.jpg\",\"datePublished\":\"2022-12-19T14:52:23+00:00\",\"dateModified\":\"2026-04-10T13:31:50+00:00\",\"breadcrumb\":{\"@id\":\"https:\/\/savinogroup.it\/servizi\/viaggi-organizzati\/sinfonia-viola-avignone-e-il-profumo-della-provenza\/#breadcrumb\"},\"inLanguage\":\"en-GB\",\"potentialAction\":[{\"@type\":\"ReadAction\",\"target\":[\"https:\/\/savinogroup.it\/servizi\/viaggi-organizzati\/sinfonia-viola-avignone-e-il-profumo-della-provenza\/\"]}]},{\"@type\":\"ImageObject\",\"inLanguage\":\"en-GB\",\"@id\":\"https:\/\/savinogroup.it\/servizi\/viaggi-organizzati\/sinfonia-viola-avignone-e-il-profumo-della-provenza\/#primaryimage\",\"url\":\"https:\/\/savinogroup.it\/wp-content\/uploads\/2022\/12\/Lavanda_01-scaled.jpg\",\"contentUrl\":\"https:\/\/savinogroup.it\/wp-content\/uploads\/2022\/12\/Lavanda_01-scaled.jpg\",\"width\":1810,\"height\":2560},{\"@type\":\"BreadcrumbList\",\"@id\":\"https:\/\/savinogroup.it\/servizi\/viaggi-organizzati\/sinfonia-viola-avignone-e-il-profumo-della-provenza\/#breadcrumb\",\"itemListElement\":[{\"@type\":\"ListItem\",\"position\":1,\"name\":\"Home\",\"item\":\"https:\/\/savinogroup.it\/\"},{\"@type\":\"ListItem\",\"position\":2,\"name\":\"Shop\",\"item\":\"https:\/\/savinogroup.it\/shop-2\/\"},{\"@type\":\"ListItem\",\"position\":3,\"name\":\"Sinfonia Viola: Avignone e il Profumo della Provenza\"}]},{\"@type\":\"WebSite\",\"@id\":\"https:\/\/savinogroup.it\/#website\",\"url\":\"https:\/\/savinogroup.it\/\",\"name\":\"Savino Group\",\"description\":\"Kairos Viaggi, Savino Bus, Savino Blu\",\"publisher\":{\"@id\":\"https:\/\/savinogroup.it\/#organization\"},\"potentialAction\":[{\"@type\":\"SearchAction\",\"target\":{\"@type\":\"EntryPoint\",\"urlTemplate\":\"https:\/\/savinogroup.it\/?s={search_term_string}\"},\"query-input\":\"required name=search_term_string\"}],\"inLanguage\":\"en-GB\"},{\"@type\":\"Organization\",\"@id\":\"https:\/\/savinogroup.it\/#organization\",\"name\":\"Savino Group\",\"url\":\"https:\/\/savinogroup.it\/\",\"logo\":{\"@type\":\"ImageObject\",\"inLanguage\":\"en-GB\",\"@id\":\"https:\/\/savinogroup.it\/#\/schema\/logo\/image\/\",\"url\":\"https:\/\/savinogroup.it\/wp-content\/uploads\/2022\/12\/logosavino.png\",\"contentUrl\":\"https:\/\/savinogroup.it\/wp-content\/uploads\/2022\/12\/logosavino.png\",\"width\":278,\"height\":54,\"caption\":\"Savino Group\"},\"image\":{\"@id\":\"https:\/\/savinogroup.it\/#\/schema\/logo\/image\/\"},\"sameAs\":[\"https:\/\/www.instagram.com\/savinogroupsrl\/\"]}]}<\/script>\n<!-- \/ Yoast SEO plugin. -->","yoast_head_json":{"title":"Sinfonia Viola: Avignone e il Profumo della Provenza -","robots":{"index":"index","follow":"follow","max-snippet":"max-snippet:-1","max-image-preview":"max-image-preview:large","max-video-preview":"max-video-preview:-1"},"canonical":"https:\/\/savinogroup.it\/en\/servizi\/viaggi-organizzati\/sinfonia-viola-avignone-e-il-profumo-della-provenza\/","og_locale":"en_GB","og_type":"article","og_title":"Sinfonia Viola: Avignone e il Profumo della Provenza -","og_description":"4\/5 luglio 2026 \u00a01\u00b0 giorno SABATO 4 luglio: AVIGNONE Ritrovo dei partecipanti in luogo concordato e partenza alle ore 5.30 in bus G.T. Sosta lungo il percorso per la prima colazione Arrivo ad Avignone, citt\u00e0 provenzale sulle rive del Rodano,\u00a0affascinante borgo medievale celebre come &#8220;Citt\u00e0 dei Papi&#8221;. Patrimonio UNESCO, vanta il maestoso Palazzo dei Papi,...","og_url":"https:\/\/savinogroup.it\/en\/servizi\/viaggi-organizzati\/sinfonia-viola-avignone-e-il-profumo-della-provenza\/","article_modified_time":"2026-04-10T13:31:50+00:00","og_image":[{"width":1810,"height":2560,"url":"https:\/\/savinogroup.it\/wp-content\/uploads\/2022\/12\/Lavanda_01-scaled.jpg","type":"image\/jpeg"}],"twitter_card":"summary_large_image","twitter_misc":{"Est. reading time":"2 minutes"},"schema":{"@context":"https:\/\/schema.org","@graph":[{"@type":"WebPage","@id":"https:\/\/savinogroup.it\/servizi\/viaggi-organizzati\/sinfonia-viola-avignone-e-il-profumo-della-provenza\/","url":"https:\/\/savinogroup.it\/servizi\/viaggi-organizzati\/sinfonia-viola-avignone-e-il-profumo-della-provenza\/","name":"Sinfonia Viola: Avignone e il Profumo della Provenza -","isPartOf":{"@id":"https:\/\/savinogroup.it\/#website"},"primaryImageOfPage":{"@id":"https:\/\/savinogroup.it\/servizi\/viaggi-organizzati\/sinfonia-viola-avignone-e-il-profumo-della-provenza\/#primaryimage"},"image":{"@id":"https:\/\/savinogroup.it\/servizi\/viaggi-organizzati\/sinfonia-viola-avignone-e-il-profumo-della-provenza\/#primaryimage"},"thumbnailUrl":"https:\/\/savinogroup.it\/wp-content\/uploads\/2022\/12\/Lavanda_01-scaled.jpg","datePublished":"2022-12-19T14:52:23+00:00","dateModified":"2026-04-10T13:31:50+00:00","breadcrumb":{"@id":"https:\/\/savinogroup.it\/servizi\/viaggi-organizzati\/sinfonia-viola-avignone-e-il-profumo-della-provenza\/#breadcrumb"},"inLanguage":"en-GB","potentialAction":[{"@type":"ReadAction","target":["https:\/\/savinogroup.it\/servizi\/viaggi-organizzati\/sinfonia-viola-avignone-e-il-profumo-della-provenza\/"]}]},{"@type":"ImageObject","inLanguage":"en-GB","@id":"https:\/\/savinogroup.it\/servizi\/viaggi-organizzati\/sinfonia-viola-avignone-e-il-profumo-della-provenza\/#primaryimage","url":"https:\/\/savinogroup.it\/wp-content\/uploads\/2022\/12\/Lavanda_01-scaled.jpg","contentUrl":"https:\/\/savinogroup.it\/wp-content\/uploads\/2022\/12\/Lavanda_01-scaled.jpg","width":1810,"height":2560},{"@type":"BreadcrumbList","@id":"https:\/\/savinogroup.it\/servizi\/viaggi-organizzati\/sinfonia-viola-avignone-e-il-profumo-della-provenza\/#breadcrumb","itemListElement":[{"@type":"ListItem","position":1,"name":"Home","item":"https:\/\/savinogroup.it\/"},{"@type":"ListItem","position":2,"name":"Shop","item":"https:\/\/savinogroup.it\/shop-2\/"},{"@type":"ListItem","position":3,"name":"Sinfonia Viola: Avignone e il Profumo della Provenza"}]},{"@type":"WebSite","@id":"https:\/\/savinogroup.it\/#website","url":"https:\/\/savinogroup.it\/","name":"Savino Group","description":"Kairos Viaggi, Savino Bus, Savino Blu","publisher":{"@id":"https:\/\/savinogroup.it\/#organization"},"potentialAction":[{"@type":"SearchAction","target":{"@type":"EntryPoint","urlTemplate":"https:\/\/savinogroup.it\/?s={search_term_string}"},"query-input":"required name=search_term_string"}],"inLanguage":"en-GB"},{"@type":"Organization","@id":"https:\/\/savinogroup.it\/#organization","name":"Savino Group","url":"https:\/\/savinogroup.it\/","logo":{"@type":"ImageObject","inLanguage":"en-GB","@id":"https:\/\/savinogroup.it\/#\/schema\/logo\/image\/","url":"https:\/\/savinogroup.it\/wp-content\/uploads\/2022\/12\/logosavino.png","contentUrl":"https:\/\/savinogroup.it\/wp-content\/uploads\/2022\/12\/logosavino.png","width":278,"height":54,"caption":"Savino Group"},"image":{"@id":"https:\/\/savinogroup.it\/#\/schema\/logo\/image\/"},"sameAs":["https:\/\/www.instagram.com\/savinogroupsrl\/"]}]}},"acf":[],"_links":{"self":[{"href":"https:\/\/savinogroup.it\/en\/wp-json\/wp\/v2\/product\/13495"}],"collection":[{"href":"https:\/\/savinogroup.it\/en\/wp-json\/wp\/v2\/product"}],"about":[{"href":"https:\/\/savinogroup.it\/en\/wp-json\/wp\/v2\/types\/product"}],"version-history":[{"count":34,"href":"https:\/\/savinogroup.it\/en\/wp-json\/wp\/v2\/product\/13495\/revisions"}],"predecessor-version":[{"id":15162,"href":"https:\/\/savinogroup.it\/en\/wp-json\/wp\/v2\/product\/13495\/revisions\/15162"}],"wp:featuredmedia":[{"embeddable":true,"href":"https:\/\/savinogroup.it\/en\/wp-json\/wp\/v2\/media\/15161"}],"wp:attachment":[{"href":"https:\/\/savinogroup.it\/en\/wp-json\/wp\/v2\/media?parent=13495"}],"wp:term":[{"taxonomy":"product_cat","embeddable":true,"href":"https:\/\/savinogroup.it\/en\/wp-json\/wp\/v2\/product_cat?post=13495"},{"taxonomy":"product_tag","embeddable":true,"href":"https:\/\/savinogroup.it\/en\/wp-json\/wp\/v2\/product_tag?post=13495"}],"curies":[{"name":"wp","href":"https:\/\/api.w.org\/{rel}","templated":true}]}}